{"id":2,"date":"2023-02-23T15:54:38","date_gmt":"2023-02-23T15:54:38","guid":{"rendered":"https:\/\/peschaud-international.com\/?page_id=2"},"modified":"2024-03-01T15:31:42","modified_gmt":"2024-03-01T14:31:42","slug":"actualites","status":"publish","type":"page","link":"https:\/\/peschaud-international.com\/fr\/actualites\/","title":{"rendered":"Actualit\u00e9s"},"content":{"rendered":"\t\t<div data-elementor-type=\"wp-page\" data-elementor-id=\"2\" class=\"elementor elementor-2\" data-elementor-post-type=\"page\">\n\t\t\t\t\t\t<section class=\"elementor-section elementor-top-section elementor-element elementor-element-53537dda elementor-section-full_width elementor-section-height-min-height elementor-section-content-middle elementor-section-height-default elementor-section-items-middle\" data-id=\"53537dda\" data-element_type=\"section\" data-e-type=\"section\" data-settings=\"{&quot;background_background&quot;:&quot;classic&quot;,&quot;background_motion_fx_motion_fx_scrolling&quot;:&quot;yes&quot;,&quot;background_motion_fx_scale_effect&quot;:&quot;yes&quot;,&quot;background_motion_fx_scale_speed&quot;:{&quot;unit&quot;:&quot;px&quot;,&quot;size&quot;:&quot;1&quot;,&quot;sizes&quot;:[]},&quot;background_motion_fx_scale_direction&quot;:&quot;out-in&quot;,&quot;background_motion_fx_scale_range&quot;:{&quot;unit&quot;:&quot;%&quot;,&quot;size&quot;:&quot;&quot;,&quot;sizes&quot;:{&quot;start&quot;:20,&quot;end&quot;:80}},&quot;background_motion_fx_devices&quot;:[&quot;desktop&quot;,&quot;tablet&quot;,&quot;mobile&quot;]}\">\n\t\t\t\t\t\t<div class=\"elementor-container elementor-column-gap-no\">\n\t\t\t\t\t<div class=\"elementor-column elementor-col-100 elementor-top-column elementor-element elementor-element-70423b5b\" data-id=\"70423b5b\" data-element_type=\"column\" data-e-type=\"column\">\n\t\t\t<div class=\"elementor-widget-wrap elementor-element-populated\">\n\t\t\t\t\t\t<div class=\"elementor-element elementor-element-56e16c95 elementor-widget elementor-widget-heading\" data-id=\"56e16c95\" data-element_type=\"widget\" data-e-type=\"widget\" data-widget_type=\"heading.default\">\n\t\t\t\t<div class=\"elementor-widget-container\">\n\t\t\t\t\t<h1 class=\"elementor-heading-title elementor-size-default\">Les actualit\u00e9s de Peschaud International<\/h1>\t\t\t\t<\/div>\n\t\t\t\t<\/div>\n\t\t\t\t\t<\/div>\n\t\t<\/div>\n\t\t\t\t\t<\/div>\n\t\t<\/section>\n\t\t\t\t<section class=\"elementor-section elementor-top-section elementor-element elementor-element-605e2bfe elementor-section-height-min-height elementor-section-boxed elementor-section-height-default elementor-section-items-middle\" data-id=\"605e2bfe\" data-element_type=\"section\" data-e-type=\"section\">\n\t\t\t\t\t\t<div class=\"elementor-container elementor-column-gap-default\">\n\t\t\t\t\t<div class=\"elementor-column elementor-col-100 elementor-top-column elementor-element elementor-element-36889c36\" data-id=\"36889c36\" data-element_type=\"column\" data-e-type=\"column\">\n\t\t\t<div class=\"elementor-widget-wrap elementor-element-populated\">\n\t\t\t\t\t\t<div class=\"elementor-element elementor-element-26da4f4d elementor-grid-3 elementor-grid-tablet-2 elementor-grid-mobile-1 elementor-posts--thumbnail-top elementor-widget elementor-widget-posts\" data-id=\"26da4f4d\" data-element_type=\"widget\" data-e-type=\"widget\" data-settings=\"{&quot;classic_row_gap&quot;:{&quot;unit&quot;:&quot;px&quot;,&quot;size&quot;:&quot;70&quot;,&quot;sizes&quot;:[]},&quot;pagination_type&quot;:&quot;prev_next&quot;,&quot;classic_columns&quot;:&quot;3&quot;,&quot;classic_columns_tablet&quot;:&quot;2&quot;,&quot;classic_columns_mobile&quot;:&quot;1&quot;,&quot;classic_row_gap_tablet&quot;:{&quot;unit&quot;:&quot;px&quot;,&quot;size&quot;:&quot;&quot;,&quot;sizes&quot;:[]},&quot;classic_row_gap_mobile&quot;:{&quot;unit&quot;:&quot;px&quot;,&quot;size&quot;:&quot;&quot;,&quot;sizes&quot;:[]}}\" data-widget_type=\"posts.classic\">\n\t\t\t\t<div class=\"elementor-widget-container\">\n\t\t\t\t\t\t\t<div class=\"elementor-posts-container elementor-posts elementor-posts--skin-classic elementor-grid\" role=\"list\">\n\t\t\t\t<article class=\"elementor-post elementor-grid-item post-1180 post type-post status-publish format-standard has-post-thumbnail hentry category-actu\" role=\"listitem\">\n\t\t\t\t<a class=\"elementor-post__thumbnail__link\" href=\"https:\/\/peschaud-international.com\/fr\/la-flotte-de-navires-peschaud-sagrandit\/\" tabindex=\"-1\" >\n\t\t\t<div class=\"elementor-post__thumbnail\"><img fetchpriority=\"high\" decoding=\"async\" width=\"768\" height=\"432\" src=\"https:\/\/peschaud-international.com\/wp-content\/uploads\/2024\/10\/DJI_0276-768x432.jpg\" class=\"attachment-medium_large size-medium_large wp-image-1184\" alt=\"\" srcset=\"https:\/\/peschaud-international.com\/wp-content\/uploads\/2024\/10\/DJI_0276-768x432.jpg 768w, https:\/\/peschaud-international.com\/wp-content\/uploads\/2024\/10\/DJI_0276-300x169.jpg 300w, https:\/\/peschaud-international.com\/wp-content\/uploads\/2024\/10\/DJI_0276-1024x576.jpg 1024w, https:\/\/peschaud-international.com\/wp-content\/uploads\/2024\/10\/DJI_0276-1536x864.jpg 1536w, https:\/\/peschaud-international.com\/wp-content\/uploads\/2024\/10\/DJI_0276-2048x1152.jpg 2048w, https:\/\/peschaud-international.com\/wp-content\/uploads\/2024\/10\/DJI_0276-18x10.jpg 18w\" sizes=\"(max-width: 768px) 100vw, 768px\" \/><\/div>\n\t\t<\/a>\n\t\t\t\t<div class=\"elementor-post__text\">\n\t\t\t\t<h3 class=\"elementor-post__title\">\n\t\t\t<a href=\"https:\/\/peschaud-international.com\/fr\/la-flotte-de-navires-peschaud-sagrandit\/\" >\n\t\t\t\tNotre flotte de navires offshore s&rsquo;agrandit avec l&rsquo;arriv\u00e9e du \u00ab\u00a0Prune\u00a0\u00bb\t\t\t<\/a>\n\t\t<\/h3>\n\t\t\t\t<div class=\"elementor-post__meta-data\">\n\t\t\t\t\t<span class=\"elementor-post-date\">\n\t\t\t14\/10\/2024\t\t<\/span>\n\t\t\t\t<\/div>\n\t\t\t\t<div class=\"elementor-post__excerpt\">\n\t\t\t<p>Navire Damen FCS2206, d&rsquo;une capacit\u00e9 de 42 passagers et 4t de freight sur pont avant.<\/p>\n\t\t<\/div>\n\t\t\t\t\t<div class=\"elementor-post__read-more-wrapper\">\n\t\t\n\t\t<a class=\"elementor-post__read-more\" href=\"https:\/\/peschaud-international.com\/fr\/la-flotte-de-navires-peschaud-sagrandit\/\" aria-label=\"En savoir plus sur Notre flotte de navires offshore s&rsquo;agrandit avec l&rsquo;arriv\u00e9e du \u00ab\u00a0Prune\u00a0\u00bb\" tabindex=\"-1\" >\n\t\t\tLire la suite\t\t<\/a>\n\n\t\t\t\t\t<\/div>\n\t\t\t\t<\/div>\n\t\t\t\t<\/article>\n\t\t\t\t<article class=\"elementor-post elementor-grid-item post-1152 post type-post status-publish format-standard has-post-thumbnail hentry category-actu\" role=\"listitem\">\n\t\t\t\t<a class=\"elementor-post__thumbnail__link\" href=\"https:\/\/peschaud-international.com\/fr\/peschaud-gabon-renews-its-iso9001-certification\/\" tabindex=\"-1\" >\n\t\t\t<div class=\"elementor-post__thumbnail\"><img decoding=\"async\" width=\"768\" height=\"426\" src=\"https:\/\/peschaud-international.com\/wp-content\/uploads\/2024\/06\/Logo-ISO-9001-768x426.jpg\" class=\"attachment-medium_large size-medium_large wp-image-1154\" alt=\"\" srcset=\"https:\/\/peschaud-international.com\/wp-content\/uploads\/2024\/06\/Logo-ISO-9001-768x426.jpg 768w, https:\/\/peschaud-international.com\/wp-content\/uploads\/2024\/06\/Logo-ISO-9001-300x167.jpg 300w, https:\/\/peschaud-international.com\/wp-content\/uploads\/2024\/06\/Logo-ISO-9001-18x10.jpg 18w, https:\/\/peschaud-international.com\/wp-content\/uploads\/2024\/06\/Logo-ISO-9001.jpg 800w\" sizes=\"(max-width: 768px) 100vw, 768px\" \/><\/div>\n\t\t<\/a>\n\t\t\t\t<div class=\"elementor-post__text\">\n\t\t\t\t<h3 class=\"elementor-post__title\">\n\t\t\t<a href=\"https:\/\/peschaud-international.com\/fr\/peschaud-gabon-renews-its-iso9001-certification\/\" >\n\t\t\t\tPeschaud Gabon renouvelle sa certification ISO9001\t\t\t<\/a>\n\t\t<\/h3>\n\t\t\t\t<div class=\"elementor-post__meta-data\">\n\t\t\t\t\t<span class=\"elementor-post-date\">\n\t\t\t20\/06\/2024\t\t<\/span>\n\t\t\t\t<\/div>\n\t\t\t\t<div class=\"elementor-post__excerpt\">\n\t\t\t<p>We are delighted to announce that Peschaud Gabon has successfully renewed its ISO 9001 v2015 certification by Bureau Veritas, covering the scope of Oil and Gas logistics, both for onshore and offshore<\/p>\n\t\t<\/div>\n\t\t\t\t\t<div class=\"elementor-post__read-more-wrapper\">\n\t\t\n\t\t<a class=\"elementor-post__read-more\" href=\"https:\/\/peschaud-international.com\/fr\/peschaud-gabon-renews-its-iso9001-certification\/\" aria-label=\"En savoir plus sur Peschaud Gabon renouvelle sa certification ISO9001\" tabindex=\"-1\" >\n\t\t\tLire la suite\t\t<\/a>\n\n\t\t\t\t\t<\/div>\n\t\t\t\t<\/div>\n\t\t\t\t<\/article>\n\t\t\t\t<article class=\"elementor-post elementor-grid-item post-1106 post type-post status-publish format-standard has-post-thumbnail hentry category-actu\" role=\"listitem\">\n\t\t\t\t<a class=\"elementor-post__thumbnail__link\" href=\"https:\/\/peschaud-international.com\/fr\/peschaud-renouvelle-son-contrat-avec-assala-pour-2-ans\/\" tabindex=\"-1\" >\n\t\t\t<div class=\"elementor-post__thumbnail\"><img decoding=\"async\" width=\"768\" height=\"432\" src=\"https:\/\/peschaud-international.com\/wp-content\/uploads\/2024\/06\/WhatsApp-Image-2024-05-28-at-16.41.36-768x432.jpeg\" class=\"attachment-medium_large size-medium_large wp-image-1111\" alt=\"\" srcset=\"https:\/\/peschaud-international.com\/wp-content\/uploads\/2024\/06\/WhatsApp-Image-2024-05-28-at-16.41.36-768x432.jpeg 768w, https:\/\/peschaud-international.com\/wp-content\/uploads\/2024\/06\/WhatsApp-Image-2024-05-28-at-16.41.36-300x169.jpeg 300w, https:\/\/peschaud-international.com\/wp-content\/uploads\/2024\/06\/WhatsApp-Image-2024-05-28-at-16.41.36-1024x576.jpeg 1024w, https:\/\/peschaud-international.com\/wp-content\/uploads\/2024\/06\/WhatsApp-Image-2024-05-28-at-16.41.36-1536x864.jpeg 1536w, https:\/\/peschaud-international.com\/wp-content\/uploads\/2024\/06\/WhatsApp-Image-2024-05-28-at-16.41.36-18x10.jpeg 18w, https:\/\/peschaud-international.com\/wp-content\/uploads\/2024\/06\/WhatsApp-Image-2024-05-28-at-16.41.36.jpeg 1600w\" sizes=\"(max-width: 768px) 100vw, 768px\" \/><\/div>\n\t\t<\/a>\n\t\t\t\t<div class=\"elementor-post__text\">\n\t\t\t\t<h3 class=\"elementor-post__title\">\n\t\t\t<a href=\"https:\/\/peschaud-international.com\/fr\/peschaud-renouvelle-son-contrat-avec-assala-pour-2-ans\/\" >\n\t\t\t\tPeschaud renouvelle son contrat avec Assala pour 2 ans\t\t\t<\/a>\n\t\t<\/h3>\n\t\t\t\t<div class=\"elementor-post__meta-data\">\n\t\t\t\t\t<span class=\"elementor-post-date\">\n\t\t\t10\/06\/2024\t\t<\/span>\n\t\t\t\t<\/div>\n\t\t\t\t<div class=\"elementor-post__excerpt\">\n\t\t\t<p>Peschaud renouvelle son contrat avec Assala pour 2 ans et poursuit son succ\u00e8s logistique au Gabon. <\/p>\n\t\t<\/div>\n\t\t\t\t\t<div class=\"elementor-post__read-more-wrapper\">\n\t\t\n\t\t<a class=\"elementor-post__read-more\" href=\"https:\/\/peschaud-international.com\/fr\/peschaud-renouvelle-son-contrat-avec-assala-pour-2-ans\/\" aria-label=\"En savoir plus sur Peschaud renouvelle son contrat avec Assala pour 2 ans\" tabindex=\"-1\" >\n\t\t\tLire la suite\t\t<\/a>\n\n\t\t\t\t\t<\/div>\n\t\t\t\t<\/div>\n\t\t\t\t<\/article>\n\t\t\t\t<article class=\"elementor-post elementor-grid-item post-1120 post type-post status-publish format-standard has-post-thumbnail hentry category-actu\" role=\"listitem\">\n\t\t\t\t<a class=\"elementor-post__thumbnail__link\" href=\"https:\/\/peschaud-international.com\/fr\/peschaud-celebre-la-journee-nationale-de-la-femme-au-gabon\/\" tabindex=\"-1\" >\n\t\t\t<div class=\"elementor-post__thumbnail\"><img loading=\"lazy\" decoding=\"async\" width=\"768\" height=\"512\" src=\"https:\/\/peschaud-international.com\/wp-content\/uploads\/2024\/06\/Participantes-sur-la-ligne-de-depart-768x512.jpg\" class=\"attachment-medium_large size-medium_large wp-image-1121\" alt=\"\" srcset=\"https:\/\/peschaud-international.com\/wp-content\/uploads\/2024\/06\/Participantes-sur-la-ligne-de-depart-768x512.jpg 768w, https:\/\/peschaud-international.com\/wp-content\/uploads\/2024\/06\/Participantes-sur-la-ligne-de-depart-300x200.jpg 300w, https:\/\/peschaud-international.com\/wp-content\/uploads\/2024\/06\/Participantes-sur-la-ligne-de-depart-1024x683.jpg 1024w, https:\/\/peschaud-international.com\/wp-content\/uploads\/2024\/06\/Participantes-sur-la-ligne-de-depart-18x12.jpg 18w, https:\/\/peschaud-international.com\/wp-content\/uploads\/2024\/06\/Participantes-sur-la-ligne-de-depart.jpg 1080w\" sizes=\"(max-width: 768px) 100vw, 768px\" \/><\/div>\n\t\t<\/a>\n\t\t\t\t<div class=\"elementor-post__text\">\n\t\t\t\t<h3 class=\"elementor-post__title\">\n\t\t\t<a href=\"https:\/\/peschaud-international.com\/fr\/peschaud-celebre-la-journee-nationale-de-la-femme-au-gabon\/\" >\n\t\t\t\tPeschaud c\u00e9l\u00e8bre la journ\u00e9e Nationale de la femme au Gabon\t\t\t<\/a>\n\t\t<\/h3>\n\t\t\t\t<div class=\"elementor-post__meta-data\">\n\t\t\t\t\t<span class=\"elementor-post-date\">\n\t\t\t17\/04\/2024\t\t<\/span>\n\t\t\t\t<\/div>\n\t\t\t\t<div class=\"elementor-post__excerpt\">\n\t\t\t<p>Port-Gentil, Gabon \u2013 17 avril 2024 \u2013 \u00c0 l&rsquo;occasion de la Journ\u00e9e Nationale de la Femme au Gabon, Peschaud Gabon est fi\u00e8re de s&rsquo;\u00eatre associ\u00e9e \u00e0 l&rsquo;Association Avenir Prosp\u00e8re (2AP) pour soutenir<\/p>\n\t\t<\/div>\n\t\t\t\t\t<div class=\"elementor-post__read-more-wrapper\">\n\t\t\n\t\t<a class=\"elementor-post__read-more\" href=\"https:\/\/peschaud-international.com\/fr\/peschaud-celebre-la-journee-nationale-de-la-femme-au-gabon\/\" aria-label=\"En savoir plus sur Peschaud c\u00e9l\u00e8bre la journ\u00e9e Nationale de la femme au Gabon\" tabindex=\"-1\" >\n\t\t\tLire la suite\t\t<\/a>\n\n\t\t\t\t\t<\/div>\n\t\t\t\t<\/div>\n\t\t\t\t<\/article>\n\t\t\t\t<article class=\"elementor-post elementor-grid-item post-1140 post type-post status-publish format-standard has-post-thumbnail hentry category-actu\" role=\"listitem\">\n\t\t\t\t<a class=\"elementor-post__thumbnail__link\" href=\"https:\/\/peschaud-international.com\/fr\/peschaud-prolonge-son-partenariat-avec-maurel-prom-pour-4-annees-supplementaires\/\" tabindex=\"-1\" >\n\t\t\t<div class=\"elementor-post__thumbnail\"><img loading=\"lazy\" decoding=\"async\" width=\"768\" height=\"1024\" src=\"https:\/\/peschaud-international.com\/wp-content\/uploads\/2024\/06\/1-768x1024.jpg\" class=\"attachment-medium_large size-medium_large wp-image-1141\" alt=\"\" srcset=\"https:\/\/peschaud-international.com\/wp-content\/uploads\/2024\/06\/1-768x1024.jpg 768w, https:\/\/peschaud-international.com\/wp-content\/uploads\/2024\/06\/1-225x300.jpg 225w, https:\/\/peschaud-international.com\/wp-content\/uploads\/2024\/06\/1-1152x1536.jpg 1152w, https:\/\/peschaud-international.com\/wp-content\/uploads\/2024\/06\/1-9x12.jpg 9w, https:\/\/peschaud-international.com\/wp-content\/uploads\/2024\/06\/1.jpg 1512w\" sizes=\"(max-width: 768px) 100vw, 768px\" \/><\/div>\n\t\t<\/a>\n\t\t\t\t<div class=\"elementor-post__text\">\n\t\t\t\t<h3 class=\"elementor-post__title\">\n\t\t\t<a href=\"https:\/\/peschaud-international.com\/fr\/peschaud-prolonge-son-partenariat-avec-maurel-prom-pour-4-annees-supplementaires\/\" >\n\t\t\t\tPeschaud prolonge son partenariat avec Maurel &amp; Prom pour 4 ann\u00e9es suppl\u00e9mentaires\t\t\t<\/a>\n\t\t<\/h3>\n\t\t\t\t<div class=\"elementor-post__meta-data\">\n\t\t\t\t\t<span class=\"elementor-post-date\">\n\t\t\t15\/04\/2024\t\t<\/span>\n\t\t\t\t<\/div>\n\t\t\t\t<div class=\"elementor-post__excerpt\">\n\t\t\t<p>Peschaud est ravi d&rsquo;annoncer le renouvellement de son partenariat de longue date avec MAUREL &amp; PROM, un op\u00e9rateur p\u00e9trolier de premier plan, pour une dur\u00e9e suppl\u00e9mentaire de quatre ans. Cette extension renforce<\/p>\n\t\t<\/div>\n\t\t\t\t\t<div class=\"elementor-post__read-more-wrapper\">\n\t\t\n\t\t<a class=\"elementor-post__read-more\" href=\"https:\/\/peschaud-international.com\/fr\/peschaud-prolonge-son-partenariat-avec-maurel-prom-pour-4-annees-supplementaires\/\" aria-label=\"En savoir plus sur Peschaud prolonge son partenariat avec Maurel &amp; Prom pour 4 ann\u00e9es suppl\u00e9mentaires\" tabindex=\"-1\" >\n\t\t\tLire la suite\t\t<\/a>\n\n\t\t\t\t\t<\/div>\n\t\t\t\t<\/div>\n\t\t\t\t<\/article>\n\t\t\t\t<article class=\"elementor-post elementor-grid-item post-1058 post type-post status-publish format-standard has-post-thumbnail hentry category-actu\" role=\"listitem\">\n\t\t\t\t<a class=\"elementor-post__thumbnail__link\" href=\"https:\/\/peschaud-international.com\/fr\/article-test\/\" tabindex=\"-1\" >\n\t\t\t<div class=\"elementor-post__thumbnail\"><img loading=\"lazy\" decoding=\"async\" width=\"768\" height=\"577\" src=\"https:\/\/peschaud-international.com\/wp-content\/uploads\/2024\/03\/1708014356514-1-768x577.jpg\" class=\"attachment-medium_large size-medium_large wp-image-1073\" alt=\"\" srcset=\"https:\/\/peschaud-international.com\/wp-content\/uploads\/2024\/03\/1708014356514-1-768x577.jpg 768w, https:\/\/peschaud-international.com\/wp-content\/uploads\/2024\/03\/1708014356514-1-300x225.jpg 300w, https:\/\/peschaud-international.com\/wp-content\/uploads\/2024\/03\/1708014356514-1-16x12.jpg 16w, https:\/\/peschaud-international.com\/wp-content\/uploads\/2024\/03\/1708014356514-1.jpg 1024w\" sizes=\"(max-width: 768px) 100vw, 768px\" \/><\/div>\n\t\t<\/a>\n\t\t\t\t<div class=\"elementor-post__text\">\n\t\t\t\t<h3 class=\"elementor-post__title\">\n\t\t\t<a href=\"https:\/\/peschaud-international.com\/fr\/article-test\/\" >\n\t\t\t\tUn nouveau Damen FCS 2206 dans le golf de Guin\u00e9e\t\t\t<\/a>\n\t\t<\/h3>\n\t\t\t\t<div class=\"elementor-post__meta-data\">\n\t\t\t\t\t<span class=\"elementor-post-date\">\n\t\t\t01\/03\/2024\t\t<\/span>\n\t\t\t\t<\/div>\n\t\t\t\t<div class=\"elementor-post__excerpt\">\n\t\t\t<p>Avec une capacit\u00e9 de 42 passagers, 4T de fret, nous avons le plaisir de vous annoncer l&rsquo;arriv\u00e9e r\u00e9cente d&rsquo;un nouveau navire \u00ab\u00a0Anne\u00a0\u00bb dans la r\u00e9gion du golf de Guin\u00e9e, depuis janvier 2024.&nbsp;<\/p>\n\t\t<\/div>\n\t\t\t\t\t<div class=\"elementor-post__read-more-wrapper\">\n\t\t\n\t\t<a class=\"elementor-post__read-more\" href=\"https:\/\/peschaud-international.com\/fr\/article-test\/\" aria-label=\"En savoir plus sur Un nouveau Damen FCS 2206 dans le golf de Guin\u00e9e\" tabindex=\"-1\" >\n\t\t\tLire la suite\t\t<\/a>\n\n\t\t\t\t\t<\/div>\n\t\t\t\t<\/div>\n\t\t\t\t<\/article>\n\t\t\t\t<\/div>\n\t\t\n\t\t\t\t<div class=\"e-load-more-anchor\" data-page=\"1\" data-max-page=\"2\" data-next-page=\"https:\/\/peschaud-international.com\/fr\/wp-json\/wp\/v2\/pages\/2\/page\/2\/\"><\/div>\n\t\t\t\t<nav class=\"elementor-pagination\" aria-label=\"Pagination\">\n\t\t\t<span class=\"page-numbers prev\">&laquo; Previous<\/span>\n<a class=\"page-numbers next\" href=\"https:\/\/peschaud-international.com\/fr\/wp-json\/wp\/v2\/pages\/2\/page\/2\/\">Next &raquo;<\/a>\t\t<\/nav>\n\t\t\t\t\t\t<\/div>\n\t\t\t\t<\/div>\n\t\t\t\t\t<\/div>\n\t\t<\/div>\n\t\t\t\t\t<\/div>\n\t\t<\/section>\n\t\t\t\t<\/div>\n\t\t","protected":false},"excerpt":{"rendered":"<p>Les actualit\u00e9s de Peschaud International<\/p>\n","protected":false},"author":1,"featured_media":0,"parent":0,"menu_order":0,"comment_status":"closed","ping_status":"closed","template":"","meta":{"footnotes":""},"class_list":["post-2","page","type-page","status-publish","hentry"],"_links":{"self":[{"href":"https:\/\/peschaud-international.com\/fr\/wp-json\/wp\/v2\/pages\/2","targetHints":{"allow":["GET"]}}],"collection":[{"href":"https:\/\/peschaud-international.com\/fr\/wp-json\/wp\/v2\/pages"}],"about":[{"href":"https:\/\/peschaud-international.com\/fr\/wp-json\/wp\/v2\/types\/page"}],"author":[{"embeddable":true,"href":"https:\/\/peschaud-international.com\/fr\/wp-json\/wp\/v2\/users\/1"}],"replies":[{"embeddable":true,"href":"https:\/\/peschaud-international.com\/fr\/wp-json\/wp\/v2\/comments?post=2"}],"version-history":[{"count":22,"href":"https:\/\/peschaud-international.com\/fr\/wp-json\/wp\/v2\/pages\/2\/revisions"}],"predecessor-version":[{"id":1064,"href":"https:\/\/peschaud-international.com\/fr\/wp-json\/wp\/v2\/pages\/2\/revisions\/1064"}],"wp:attachment":[{"href":"https:\/\/peschaud-international.com\/fr\/wp-json\/wp\/v2\/media?parent=2"}],"curies":[{"name":"wp","href":"https:\/\/api.w.org\/{rel}","templated":true}]}}